{"id":435,"date":"2022-10-10T09:44:42","date_gmt":"2022-10-10T07:44:42","guid":{"rendered":"https:\/\/www.pielachtaler-schuetzengilde.at\/main\/?page_id=435"},"modified":"2022-10-10T10:01:49","modified_gmt":"2022-10-10T08:01:49","slug":"impressum","status":"publish","type":"page","link":"https:\/\/www.pielachtaler-schuetzengilde.at\/main\/impressum\/","title":{"rendered":"Impressum"},"content":{"rendered":"\n<p class=\"has-black-color has-text-color\" style=\"font-size:16px\"><strong>Pielachtaler Sch\u00fctzengilde PSG<\/strong><\/p>\n\n\n\n<p class=\"has-black-color has-text-color\">Schwerbach 4<br>3204 Kirchberg an der Pielach<\/p>\n\n\n\n<p class=\"has-black-color has-text-color\"><strong>EMail:<\/strong>&nbsp;verein@pielachtaler-schuetzengilde.at<\/p>\n\n\n\n<p class=\"has-black-color has-text-color\"><strong>Tel. Kluttig Rudolf:<\/strong>\u00a00664 3969888<br><strong>Tel. Walsberger Richard:<\/strong>\u00a00664 5272259<\/p>\n\n\n\n<p class=\"has-black-color has-text-color\">Bezirkshauptmannschaft: St. P\u00f6lten<\/p>\n\n\n\n<p class=\"has-black-color has-text-color\">ZVR-Zahl: 659272066<\/p>\n\n\n\n<p><\/p>\n\n\n\n<h1 class=\"wp-block-heading\"><strong>Technische Angaben<\/strong><\/h1>\n\n\n\n<p>Technisch Verantwortlicher: Martin Schalhas&nbsp;<a href=\"mailto:office@schalhas.com\">office@schalhas.com<\/a><\/p>\n\n\n\n<h1 class=\"wp-block-heading\"><strong>Weitere Information<\/strong>en<\/h1>\n\n\n\n<p>Trotz sorgf\u00e4ltiger inhaltlicher Kontrolle \u00fcbernehmen wir keine Haftung f\u00fcr die Inhalte externer Links. F\u00fcr den Inhalt der verlinkten Seiten sind ausschlie\u00dflich deren Betreiber verantwortlich.Alle hier verwendeten Namen, Begriffe, Zeichen und Grafiken k\u00f6nnen Marken- oder Warenzeichen im Besitze ihrer rechtlichen Eigent\u00fcmer sein. Die Rechte aller erw\u00e4hnten und benutzten Marken- und Warenzeichen liegen ausschlie\u00dflich bei deren Besitzern.<\/p>\n","protected":false},"excerpt":{"rendered":"<p>Pielachtaler Sch\u00fctzengilde PSG Schwerbach 43204 Kirchberg an der Pielach EMail:&nbsp;verein@pielachtaler-schuetzengilde.at Tel. Kluttig Rudolf:\u00a00664 3969888Tel. Walsberger Richard:\u00a00664 5272259 Bezirkshauptmannschaft: St. P\u00f6lten ZVR-Zahl: 659272066 Technische Angaben Technisch Verantwortlicher: Martin Schalhas&nbsp;office@schalhas.com Weitere Informationen [&hellip;]<\/p>\n","protected":false},"author":1,"featured_media":0,"parent":0,"menu_order":0,"comment_status":"closed","ping_status":"closed","template":"","meta":{"footnotes":""},"class_list":["post-435","page","type-page","status-publish","hentry","entry"],"_links":{"self":[{"href":"https:\/\/www.pielachtaler-schuetzengilde.at\/main\/wp-json\/wp\/v2\/pages\/435","targetHints":{"allow":["GET"]}}],"collection":[{"href":"https:\/\/www.pielachtaler-schuetzengilde.at\/main\/wp-json\/wp\/v2\/pages"}],"about":[{"href":"https:\/\/www.pielachtaler-schuetzengilde.at\/main\/wp-json\/wp\/v2\/types\/page"}],"author":[{"embeddable":true,"href":"https:\/\/www.pielachtaler-schuetzengilde.at\/main\/wp-json\/wp\/v2\/users\/1"}],"replies":[{"embeddable":true,"href":"https:\/\/www.pielachtaler-schuetzengilde.at\/main\/wp-json\/wp\/v2\/comments?post=435"}],"version-history":[{"count":3,"href":"https:\/\/www.pielachtaler-schuetzengilde.at\/main\/wp-json\/wp\/v2\/pages\/435\/revisions"}],"predecessor-version":[{"id":441,"href":"https:\/\/www.pielachtaler-schuetzengilde.at\/main\/wp-json\/wp\/v2\/pages\/435\/revisions\/441"}],"wp:attachment":[{"href":"https:\/\/www.pielachtaler-schuetzengilde.at\/main\/wp-json\/wp\/v2\/media?parent=435"}],"curies":[{"name":"wp","href":"https:\/\/api.w.org\/{rel}","templated":true}]}}